{"id":18973,"date":"2026-01-27T20:14:58","date_gmt":"2026-01-27T23:14:58","guid":{"rendered":"https:\/\/solrezza.net\/?page_id=18973"},"modified":"2026-03-01T16:59:55","modified_gmt":"2026-03-01T19:59:55","slug":"node-2026-payment-page","status":"publish","type":"page","link":"https:\/\/solrezza.net\/es\/node-2026-payment-page\/","title":{"rendered":"NODE 2026 \u2013 P\u00e1gina de Pago"},"content":{"rendered":"<div data-elementor-type=\"wp-page\" data-elementor-id=\"18973\" class=\"elementor elementor-18973\">\n\t\t\t\t<div class=\"elementor-element elementor-element-fc8b904 e-flex e-con-boxed e-con e-parent\" data-id=\"fc8b904\" data-element_type=\"container\" data-e-type=\"container\">\n\t\t\t\t\t<div class=\"e-con-inner\">\n\t\t\t\t<div class=\"elementor-element elementor-element-f959795 elementor-widget elementor-widget-heading\" data-id=\"f959795\" data-element_type=\"widget\" data-e-type=\"widget\" data-widget_type=\"heading.default\">\n\t\t\t\t\t<h4 class=\"elementor-heading-title elementor-size-default\">NODE 26 \u2013 APRIL<\/h4>\t\t\t\t<\/div>\n\t\t\t\t<div class=\"elementor-element elementor-element-34f1c2f elementor-widget elementor-widget-heading\" data-id=\"34f1c2f\" data-element_type=\"widget\" data-e-type=\"widget\" data-widget_type=\"heading.default\">\n\t\t\t\t\t<h3 class=\"elementor-heading-title elementor-size-default\">01. Binaural \u2014 Traducci\u00f3n Perceptual<\/h3>\t\t\t\t<\/div>\n\t\t\t\t\t<\/div>\n\t\t\t\t<\/div>\n\t\t<div class=\"elementor-element elementor-element-9f69e9c e-flex e-con-boxed e-con e-parent\" data-id=\"9f69e9c\" data-element_type=\"container\" data-e-type=\"container\">\n\t\t\t\t\t<div class=\"e-con-inner\">\n\t\t<div class=\"elementor-element elementor-element-71e8e8d e-con-full e-flex e-con e-child\" data-id=\"71e8e8d\" data-element_type=\"container\" data-e-type=\"container\">\n\t\t\t\t<div class=\"elementor-element elementor-element-13ec47e elementor-widget elementor-widget-image\" data-id=\"13ec47e\" data-element_type=\"widget\" data-e-type=\"widget\" data-widget_type=\"image.default\">\n\t\t\t\t\t\t\t\t\t\t\t\t\t\t\t<img fetchpriority=\"high\" decoding=\"async\" width=\"780\" height=\"780\" src=\"https:\/\/solrezza.net\/wp-content\/uploads\/2026\/01\/Binaural-Node-2026-Sol-Rezza.png\" class=\"attachment-large size-large wp-image-18876\" alt=\"\" srcset=\"https:\/\/solrezza.net\/wp-content\/uploads\/2026\/01\/Binaural-Node-2026-Sol-Rezza.png 1080w, https:\/\/solrezza.net\/wp-content\/uploads\/2026\/01\/Binaural-Node-2026-Sol-Rezza-300x300.png 300w, https:\/\/solrezza.net\/wp-content\/uploads\/2026\/01\/Binaural-Node-2026-Sol-Rezza-150x150.png 150w, https:\/\/solrezza.net\/wp-content\/uploads\/2026\/01\/Binaural-Node-2026-Sol-Rezza-12x12.png 12w, https:\/\/solrezza.net\/wp-content\/uploads\/2026\/01\/Binaural-Node-2026-Sol-Rezza-320x320.png 320w, https:\/\/solrezza.net\/wp-content\/uploads\/2026\/01\/Binaural-Node-2026-Sol-Rezza-760x760.png 760w\" sizes=\"(max-width: 780px) 100vw, 780px\" \/>\t\t\t\t\t\t\t\t\t\t\t\t\t\t\t<\/div>\n\t\t\t\t<\/div>\n\t\t<div class=\"elementor-element elementor-element-bd57c85 e-con-full e-flex e-con e-child\" data-id=\"bd57c85\" data-element_type=\"container\" data-e-type=\"container\">\n\t\t\t\t<div class=\"elementor-element elementor-element-0b5836b elementor-widget elementor-widget-heading\" data-id=\"0b5836b\" data-element_type=\"widget\" data-e-type=\"widget\" data-widget_type=\"heading.default\">\n\t\t\t\t\t<h4 class=\"elementor-heading-title elementor-size-default\">14, 15, 21 y 22 de abril de 2026 \u00b7 Online<\/h4>\t\t\t\t<\/div>\n\t\t\t\t<div class=\"elementor-element elementor-element-8359f84 elementor-widget elementor-widget-text-editor\" data-id=\"8359f84\" data-element_type=\"widget\" data-e-type=\"widget\" data-widget_type=\"text-editor.default\">\n\t\t\t\t\t\t\t\t\t<p>4 sesiones <br \/>2,5 horas cada una <br \/><strong>Cupo limitado a 8 participantes<br \/><\/strong>Clases en espa\u00f1ol<strong><br \/><\/strong><\/p>\t\t\t\t\t\t\t\t<\/div>\n\t\t\t\t<div class=\"elementor-element elementor-element-156c758 elementor-widget elementor-widget-text-editor\" data-id=\"156c758\" data-element_type=\"widget\" data-e-type=\"widget\" data-widget_type=\"text-editor.default\">\n\t\t\t\t\t\t\t\t\t<p>Binaural \u2014 Traducci\u00f3n Perceptual<br \/><strong>INSCRIPCIONES ABIERTAS<\/strong><br \/><strong>hasta el 10 de abril de 2026<\/strong><\/p><p data-start=\"161\" data-end=\"216\"><strong data-start=\"190\" data-end=\"216\">Valor regular de este m\u00f3dulo: USD 130<\/strong><\/p><p><strong>\u00a0<\/strong><\/p>\t\t\t\t\t\t\t\t<\/div>\n\t\t\t\t<\/div>\n\t\t\t\t\t<\/div>\n\t\t\t\t<\/div>\n\t\t<div class=\"elementor-element elementor-element-ec5543c e-flex e-con-boxed e-con e-parent\" data-id=\"ec5543c\" data-element_type=\"container\" data-e-type=\"container\">\n\t\t\t\t\t<div class=\"e-con-inner\">\n\t\t<div class=\"elementor-element elementor-element-9798a23 e-con-full e-flex e-con e-child\" data-id=\"9798a23\" data-element_type=\"container\" data-e-type=\"container\">\n\t\t\t\t<div class=\"elementor-element elementor-element-e4b9302 elementor-widget elementor-widget-text-editor\" data-id=\"e4b9302\" data-element_type=\"widget\" data-e-type=\"widget\" data-widget_type=\"text-editor.default\">\n\t\t\t\t\t\t\t\t\t<p>Realiza el pago a trav\u00e9s de PayPal y <strong data-start=\"112\" data-end=\"157\" data-is-only-node=\"\">env\u00eda el comprobante a works@solrezza.net <\/strong>para confirmar tu inscripci\u00f3n.<\/p><p data-start=\"161\" data-end=\"216\"><strong data-start=\"161\" data-end=\"187\">A partir del 1\/3\/2026<\/strong><br data-start=\"187\" data-end=\"190\" \/><strong data-start=\"190\" data-end=\"216\">Valor regular: USD 130<\/strong><\/p>\t\t\t\t\t\t\t\t<\/div>\n\t\t\t\t<div class=\"elementor-element elementor-element-3a35ef3 elementor-align-center elementor-widget elementor-widget-button\" data-id=\"3a35ef3\" data-element_type=\"widget\" data-e-type=\"widget\" data-widget_type=\"button.default\">\n\t\t\t\t\t\t\t\t\t\t<a class=\"elementor-button elementor-button-link elementor-size-sm\" href=\"https:\/\/www.paypal.com\/ncp\/payment\/9CCEGC9T4H3EA\">\n\t\t\t\t\t\t<span class=\"elementor-button-content-wrapper\">\n\t\t\t\t\t\t<span class=\"elementor-button-icon\">\n\t\t\t\t<svg aria-hidden=\"true\" class=\"e-font-icon-svg e-fab-paypal\" viewbox=\"0 0 384 512\" xmlns=\"http:\/\/www.w3.org\/2000\/svg\"><path d=\"M111.4 295.9c-3.5 19.2-17.4 108.7-21.5 134-.3 1.8-1 2.5-3 2.5H12.3c-7.6 0-13.1-6.6-12.1-13.9L58.8 46.6c1.5-9.6 10.1-16.9 20-16.9 152.3 0 165.1-3.7 204 11.4 60.1 23.3 65.6 79.5 44 140.3-21.5 62.6-72.5 89.5-140.1 90.3-43.4.7-69.5-7-75.3 24.2zM357.1 152c-1.8-1.3-2.5-1.8-3 1.3-2 11.4-5.1 22.5-8.8 33.6-39.9 113.8-150.5 103.9-204.5 103.9-6.1 0-10.1 3.3-10.9 9.4-22.6 140.4-27.1 169.7-27.1 169.7-1 7.1 3.5 12.9 10.6 12.9h63.5c8.6 0 15.7-6.3 17.4-14.9.7-5.4-1.1 6.1 14.4-91.3 4.6-22 14.3-19.7 29.3-19.7 71 0 126.4-28.8 142.9-112.3 6.5-34.8 4.6-71.4-23.8-92.6z\"><\/path><\/svg>\t\t\t<\/span>\n\t\t\t\t\t\t\t\t\t<span class=\"elementor-button-text\">PayPal USD130<\/span>\n\t\t\t\t\t<\/span>\n\t\t\t\t\t<\/a>\n\t\t\t\t\t\t\t\t<\/div>\n\t\t\t\t<\/div>\n\t\t<div class=\"elementor-element elementor-element-38a10cc e-con-full e-flex e-con e-child\" data-id=\"38a10cc\" data-element_type=\"container\" data-e-type=\"container\">\n\t\t\t\t<div class=\"elementor-element elementor-element-0f513ff elementor-widget elementor-widget-text-editor\" data-id=\"0f513ff\" data-element_type=\"widget\" data-e-type=\"widget\" data-widget_type=\"text-editor.default\">\n\t\t\t\t\t\t\t\t\t<p data-start=\"50\" data-end=\"251\"><strong data-start=\"50\" data-end=\"94\">Pago dentro de Argentina (Mercado Pago):<\/strong><br data-start=\"94\" data-end=\"97\" \/>Realiz\u00e1 el pago a trav\u00e9s de Mercado Pago al alias <strong data-start=\"147\" data-end=\"170\">sol.rezza.sonido.mp<\/strong> y envi\u00e1 el comprobante a <strong data-start=\"196\" data-end=\"218\"><a class=\"decorated-link cursor-pointer\" rel=\"noopener\" data-start=\"198\" data-end=\"216\">works@solrezza.net<\/a><\/strong> para confirmar tu inscripci\u00f3n.<\/p><p data-start=\"50\" data-end=\"251\"><strong data-start=\"72\" data-end=\"105\">Opci\u00f3n de pago en dos cuotas:<\/strong> Solo v\u00e1lida dentro de Argentina. Divid\u00ed el monto total en dos pagos separados y envi\u00e1 el comprobante de cada uno a <strong data-start=\"221\" data-end=\"243\"><a class=\"decorated-link cursor-pointer\" rel=\"noopener\" data-start=\"223\" data-end=\"241\">works@solrezza.net<\/a><\/strong> para confirmar tu inscripci\u00f3n. Todos los pagos deben completarse <strong data-start=\"309\" data-end=\"342\">antes del 1 de Marzo de 2026<\/strong>.<\/p><p data-start=\"75\" data-end=\"159\"><strong data-start=\"75\" data-end=\"107\">Primera ronda de inscripci\u00f3n<\/strong><br data-start=\"107\" data-end=\"110\" \/>Del <strong data-start=\"114\" data-end=\"139\">1\/2\/2026 al 1\/3\/2026<\/strong><br data-start=\"139\" data-end=\"142\" \/><strong data-start=\"142\" data-end=\"159\">Valor: $138.000 ARS<\/strong><\/p><p data-start=\"161\" data-end=\"216\"><strong data-start=\"161\" data-end=\"187\">A partir del 1\/3\/2026<\/strong><br data-start=\"187\" data-end=\"190\" \/><strong data-start=\"190\" data-end=\"216\">Valor regular: $185.000 ARS<\/strong><\/p>\t\t\t\t\t\t\t\t<\/div>\n\t\t\t\t<div class=\"elementor-element elementor-element-76cd6e6 elementor-align-center elementor-widget elementor-widget-button\" data-id=\"76cd6e6\" data-element_type=\"widget\" data-e-type=\"widget\" data-widget_type=\"button.default\">\n\t\t\t\t\t\t\t\t\t\t<a class=\"elementor-button elementor-size-sm\" role=\"button\">\n\t\t\t\t\t\t<span class=\"elementor-button-content-wrapper\">\n\t\t\t\t\t\t<span class=\"elementor-button-icon\">\n\t\t\t\t<svg aria-hidden=\"true\" class=\"e-font-icon-svg e-far-handshake\" viewbox=\"0 0 640 512\" xmlns=\"http:\/\/www.w3.org\/2000\/svg\"><path d=\"M519.2 127.9l-47.6-47.6A56.252 56.252 0 0 0 432 64H205.2c-14.8 0-29.1 5.9-39.6 16.3L118 127.9H0v255.7h64c17.6 0 31.8-14.2 31.9-31.7h9.1l84.6 76.4c30.9 25.1 73.8 25.7 105.6 3.8 12.5 10.8 26 15.9 41.1 15.9 18.2 0 35.3-7.4 48.8-24 22.1 8.7 48.2 2.6 64-16.8l26.2-32.3c5.6-6.9 9.1-14.8 10.9-23h57.9c.1 17.5 14.4 31.7 31.9 31.7h64V127.9H519.2zM48 351.6c-8.8 0-16-7.2-16-16s7.2-16 16-16 16 7.2 16 16c0 8.9-7.2 16-16 16zm390-6.9l-26.1 32.2c-2.8 3.4-7.8 4-11.3 1.2l-23.9-19.4-30 36.5c-6 7.3-15 4.8-18 2.4l-36.8-31.5-15.6 19.2c-13.9 17.1-39.2 19.7-55.3 6.6l-97.3-88H96V175.8h41.9l61.7-61.6c2-.8 3.7-1.5 5.7-2.3H262l-38.7 35.5c-29.4 26.9-31.1 72.3-4.4 101.3 14.8 16.2 61.2 41.2 101.5 4.4l8.2-7.5 108.2 87.8c3.4 2.8 3.9 7.9 1.2 11.3zm106-40.8h-69.2c-2.3-2.8-4.9-5.4-7.7-7.7l-102.7-83.4 12.5-11.4c6.5-6 7-16.1 1-22.6L367 167.1c-6-6.5-16.1-6.9-22.6-1l-55.2 50.6c-9.5 8.7-25.7 9.4-34.6 0-9.3-9.9-8.5-25.1 1.2-33.9l65.6-60.1c7.4-6.8 17-10.5 27-10.5l83.7-.2c2.1 0 4.1.8 5.5 2.3l61.7 61.6H544v128zm48 47.7c-8.8 0-16-7.2-16-16s7.2-16 16-16 16 7.2 16 16c0 8.9-7.2 16-16 16z\"><\/path><\/svg>\t\t\t<\/span>\n\t\t\t\t\t\t\t\t\t<span class=\"elementor-button-text\">Mercado Pago $185.000 Alias: sol.rezza.sonido.mp<\/span>\n\t\t\t\t\t<\/span>\n\t\t\t\t\t<\/a>\n\t\t\t\t\t\t\t\t<\/div>\n\t\t\t\t<\/div>\n\t\t<div class=\"elementor-element elementor-element-21a0750 e-con-full e-flex e-con e-child\" data-id=\"21a0750\" data-element_type=\"container\" data-e-type=\"container\">\n\t\t\t\t<div class=\"elementor-element elementor-element-80d11d1 elementor-widget elementor-widget-text-editor\" data-id=\"80d11d1\" data-element_type=\"widget\" data-e-type=\"widget\" data-widget_type=\"text-editor.default\">\n\t\t\t\t\t\t\t\t\t<h4 data-start=\"45\" data-end=\"70\"><strong data-start=\"45\" data-end=\"68\">En qu\u00e9 trabajar\u00e1s<\/strong><\/h4><p data-start=\"74\" data-end=\"161\">C\u00f3mo las decisiones espaciales se traducen en percepci\u00f3n al trabajar con renderizado binaural.<\/p><p data-start=\"164\" data-end=\"277\">Qu\u00e9 es el audio binaural, cu\u00e1ndo y d\u00f3nde tiene sentido utilizarlo, y c\u00f3mo se relaciona con otros sistemas inmersivos.<\/p><p data-start=\"280\" data-end=\"411\">Principios de HRTF, orientaci\u00f3n, distancia y elevaci\u00f3n, y estrategias para un monitoreo confiable incluso en condiciones no ideales.<\/p>\t\t\t\t\t\t\t\t<\/div>\n\t\t\t\t<\/div>\n\t\t\t\t\t<\/div>\n\t\t\t\t<\/div>\n\t\t<div class=\"elementor-element elementor-element-f38bb6e e-flex e-con-boxed e-con e-parent\" data-id=\"f38bb6e\" data-element_type=\"container\" data-e-type=\"container\">\n\t\t\t\t\t<div class=\"e-con-inner\">\n\t\t\t\t<div class=\"elementor-element elementor-element-d276b31 elementor-widget elementor-widget-text-editor\" data-id=\"d276b31\" data-element_type=\"widget\" data-e-type=\"widget\" data-widget_type=\"text-editor.default\">\n\t\t\t\t\t\t\t\t\t<h4 data-start=\"86\" data-end=\"104\"><strong data-start=\"86\" data-end=\"102\">Enfoque del sistema<\/strong><\/h4><p data-start=\"108\" data-end=\"152\">Mec\u00e1nica y l\u00f3gica del renderizado binaural.<\/p><p data-start=\"155\" data-end=\"209\">Modelos HRTF: aplicaciones pr\u00e1cticas y limitaciones.<\/p><p data-start=\"212\" data-end=\"282\">Se\u00f1ales de localizaci\u00f3n: control de orientaci\u00f3n, distancia y elevaci\u00f3n.<\/p><p data-start=\"285\" data-end=\"363\">Monitoreo cr\u00edtico: estrategias de alta fidelidad fuera de entornos ideales.<\/p><h4 data-start=\"365\" data-end=\"604\"><strong data-start=\"365\" data-end=\"376\">Resultado<\/strong><\/h4><p data-start=\"365\" data-end=\"604\">Al final del curso, ser\u00e1s capaz de evaluar y utilizar herramientas binaurales con criterio t\u00e9cnico, comprendiendo qu\u00e9 representan con precisi\u00f3n, qu\u00e9 no, y c\u00f3mo integrarlas en flujos de trabajo inmersivos m\u00e1s amplios.<\/p><h4 data-start=\"606\" data-end=\"627\"><strong data-start=\"606\" data-end=\"625\">Acceso y extras<\/strong><\/h4><p data-start=\"631\" data-end=\"722\">Res\u00famenes concisos de cada sesi\u00f3n, PDFs descargables y diagramas de ruteo y flujo de se\u00f1al.<\/p><p data-start=\"725\" data-end=\"820\">Consultas individuales de 30 minutos para resolver preguntas espec\u00edficas sobre proyectos o flujos de trabajo.<\/p><p data-start=\"823\" data-end=\"909\">Acceso a la plataforma de referencia para repasar conceptos sin necesidad de repetir las clases completas.<\/p><h5 data-start=\"911\" data-end=\"963\"><strong data-start=\"911\" data-end=\"921\">Precio:<\/strong> <strong>USD 95 (Cupos limitados \u2013 8 participantes)<\/strong><\/h5>\t\t\t\t\t\t\t\t<\/div>\n\t\t\t\t\t<\/div>\n\t\t\t\t<\/div>\n\t\t\t\t<\/div>","protected":false},"excerpt":{"rendered":"<p>NODE 26 \u2013 APRIL 01.Binaural \u2014 Perceptual Translation April 14, 15, 21 &amp; 22, 2026 \u00b7 Online 4 sessions 2.5 h each Limited to 8 participantsClasses in Spanish Binaural \u2014 Perceptual TranslationOPEN REGISTRATIONuntil April 10, 2026 Valor regular de este m\u00f3dulo: USD 130 \u00a0 Realiza el pago a trav\u00e9s de PayPal y env\u00eda el comprobante [&hellip;]<\/p>\n","protected":false},"author":2,"featured_media":0,"parent":0,"menu_order":0,"comment_status":"closed","ping_status":"closed","template":"","meta":{"footnotes":""},"class_list":["post-18973","page","type-page","status-publish","hentry"],"_links":{"self":[{"href":"https:\/\/solrezza.net\/es\/wp-json\/wp\/v2\/pages\/18973","targetHints":{"allow":["GET"]}}],"collection":[{"href":"https:\/\/solrezza.net\/es\/wp-json\/wp\/v2\/pages"}],"about":[{"href":"https:\/\/solrezza.net\/es\/wp-json\/wp\/v2\/types\/page"}],"author":[{"embeddable":true,"href":"https:\/\/solrezza.net\/es\/wp-json\/wp\/v2\/users\/2"}],"replies":[{"embeddable":true,"href":"https:\/\/solrezza.net\/es\/wp-json\/wp\/v2\/comments?post=18973"}],"version-history":[{"count":0,"href":"https:\/\/solrezza.net\/es\/wp-json\/wp\/v2\/pages\/18973\/revisions"}],"wp:attachment":[{"href":"https:\/\/solrezza.net\/es\/wp-json\/wp\/v2\/media?parent=18973"}],"curies":[{"name":"wp","href":"https:\/\/api.w.org\/{rel}","templated":true}]}}