{"id":15320,"date":"2025-05-24T15:42:25","date_gmt":"2025-05-24T18:42:25","guid":{"rendered":"https:\/\/solrezza.net\/?page_id=15320"},"modified":"2025-09-26T14:34:44","modified_gmt":"2025-09-26T17:34:44","slug":"technical-consulting","status":"publish","type":"page","link":"https:\/\/solrezza.net\/es\/technical-consulting\/","title":{"rendered":"Consultor\u00eda T\u00e9cnica"},"content":{"rendered":"<div data-elementor-type=\"wp-page\" data-elementor-id=\"15320\" class=\"elementor elementor-15320\">\n\t\t\t\t<div class=\"elementor-element elementor-element-20ea003 e-flex e-con-boxed e-con e-parent\" data-id=\"20ea003\" data-element_type=\"container\" data-e-type=\"container\">\n\t\t\t\t\t<div class=\"e-con-inner\">\n\t\t\t\t<div class=\"elementor-element elementor-element-47eaad4 elementor-widget elementor-widget-heading\" data-id=\"47eaad4\" data-element_type=\"widget\" data-e-type=\"widget\" data-widget_type=\"heading.default\">\n\t\t\t\t\t<h2 class=\"elementor-heading-title elementor-size-default\">Consultor\u00eda T\u00e9cnica<\/h2>\t\t\t\t<\/div>\n\t\t\t\t\t<\/div>\n\t\t\t\t<\/div>\n\t\t<div class=\"elementor-element elementor-element-8439bff e-flex e-con-boxed e-con e-parent\" data-id=\"8439bff\" data-element_type=\"container\" data-e-type=\"container\">\n\t\t\t\t\t<div class=\"e-con-inner\">\n\t\t<div class=\"elementor-element elementor-element-8615118 e-con-full e-flex e-con e-child\" data-id=\"8615118\" data-element_type=\"container\" data-e-type=\"container\">\n\t\t\t\t<div class=\"elementor-element elementor-element-9fb2bb0 elementor-widget elementor-widget-heading\" data-id=\"9fb2bb0\" data-element_type=\"widget\" data-e-type=\"widget\" data-widget_type=\"heading.default\">\n\t\t\t\t\t<h5 class=\"elementor-heading-title elementor-size-default\">Asesor\u00eda experta en dise\u00f1o e integraci\u00f3n de sistemas inmersivos<\/h5>\t\t\t\t<\/div>\n\t\t\t\t<div class=\"elementor-element elementor-element-d622164 elementor-widget elementor-widget-spacer\" data-id=\"d622164\" data-element_type=\"widget\" data-e-type=\"widget\" data-widget_type=\"spacer.default\">\n\t\t\t\t\t\t\t<div class=\"elementor-spacer\">\n\t\t\t<div class=\"elementor-spacer-inner\"><\/div>\n\t\t<\/div>\n\t\t\t\t\t\t<\/div>\n\t\t\t\t<div class=\"elementor-element elementor-element-277b6ae elementor-widget elementor-widget-text-editor\" data-id=\"277b6ae\" data-element_type=\"widget\" data-e-type=\"widget\" data-widget_type=\"text-editor.default\">\n\t\t\t\t\t\t\t\t\t<p>Crear experiencias de audio realmente inmersivas requiere m\u00e1s que un buen sonido: implica un dise\u00f1o preciso del sistema, una ac\u00fastica \u00f3ptima del espacio y una integraci\u00f3n fluida de tecnolog\u00edas avanzadas. Ofrezco consultor\u00eda experta para ayudarte a construir y optimizar sistemas de audio multicanal adaptados a tu entorno \u00fanico y visi\u00f3n creativa.<\/p>\t\t\t\t\t\t\t\t<\/div>\n\t\t\t\t<div class=\"elementor-element elementor-element-669671e elementor-widget-divider--separator-type-pattern elementor-widget-divider--view-line elementor-widget elementor-widget-divider\" data-id=\"669671e\" data-element_type=\"widget\" data-e-type=\"widget\" data-widget_type=\"divider.default\">\n\t\t\t\t\t\t\t<div class=\"elementor-divider\" style=\"--divider-pattern-url: url(&quot;data:image\/svg+xml,%3Csvg xmlns=&#039;http:\/\/www.w3.org\/2000\/svg&#039; preserveAspectRatio=&#039;none&#039; overflow=&#039;visible&#039; height=&#039;100%&#039; viewBox=&#039;0 0 20 16&#039; fill=&#039;none&#039; stroke=&#039;black&#039; stroke-width=&#039;1&#039; stroke-linecap=&#039;square&#039; stroke-miterlimit=&#039;10&#039;%3E%3Cg transform=&#039;translate(-12.000000, 0)&#039;%3E%3Cpath d=&#039;M28,0L10,18&#039;\/%3E%3Cpath d=&#039;M18,0L0,18&#039;\/%3E%3Cpath d=&#039;M48,0L30,18&#039;\/%3E%3Cpath d=&#039;M38,0L20,18&#039;\/%3E%3C\/g%3E%3C\/svg%3E&quot;);\">\n\t\t\t<span class=\"elementor-divider-separator\">\n\t\t\t\t\t\t<\/span>\n\t\t<\/div>\n\t\t\t\t\t\t<\/div>\n\t\t\t\t<\/div>\n\t\t<div class=\"elementor-element elementor-element-09a1f61 e-con-full e-flex e-con e-child\" data-id=\"09a1f61\" data-element_type=\"container\" data-e-type=\"container\">\n\t\t\t\t<div class=\"elementor-element elementor-element-84cdb3b elementor-widget elementor-widget-image\" data-id=\"84cdb3b\" data-element_type=\"widget\" data-e-type=\"widget\" data-widget_type=\"image.default\">\n\t\t\t\t\t\t\t\t\t\t\t\t\t\t\t<img fetchpriority=\"high\" decoding=\"async\" width=\"780\" height=\"520\" src=\"https:\/\/solrezza.net\/wp-content\/uploads\/2022\/01\/Catastrophic-Forgetting-Sol-Rezza-2021-08-1080x720.jpg\" class=\"attachment-large size-large wp-image-9926\" alt=\"\" srcset=\"https:\/\/solrezza.net\/wp-content\/uploads\/2022\/01\/Catastrophic-Forgetting-Sol-Rezza-2021-08-1080x720.jpg 1080w, https:\/\/solrezza.net\/wp-content\/uploads\/2022\/01\/Catastrophic-Forgetting-Sol-Rezza-2021-08-300x200.jpg 300w, https:\/\/solrezza.net\/wp-content\/uploads\/2022\/01\/Catastrophic-Forgetting-Sol-Rezza-2021-08-18x12.jpg 18w, https:\/\/solrezza.net\/wp-content\/uploads\/2022\/01\/Catastrophic-Forgetting-Sol-Rezza-2021-08-720x480.jpg 720w, https:\/\/solrezza.net\/wp-content\/uploads\/2022\/01\/Catastrophic-Forgetting-Sol-Rezza-2021-08.jpg 1166w\" sizes=\"(max-width: 780px) 100vw, 780px\" \/>\t\t\t\t\t\t\t\t\t\t\t\t\t\t\t<\/div>\n\t\t\t\t<\/div>\n\t\t<div class=\"elementor-element elementor-element-cc324e8 e-con-full e-flex e-con e-child\" data-id=\"cc324e8\" data-element_type=\"container\" data-e-type=\"container\">\n\t\t\t\t<div class=\"elementor-element elementor-element-ddee7bf elementor-widget elementor-widget-image\" data-id=\"ddee7bf\" data-element_type=\"widget\" data-e-type=\"widget\" data-widget_type=\"image.default\">\n\t\t\t\t\t\t\t\t\t\t\t\t\t\t\t<img decoding=\"async\" width=\"780\" height=\"520\" src=\"data:image\/svg+xml;charset=utf-8,%3Csvg xmlns%3D&#039;http%3A%2F%2Fwww.w3.org%2F2000%2Fsvg&#039; viewBox%3D&#039;0 0 1080 720&#039;%2F%3E\" class=\"attachment-large size-large wp-image-9928 ld-lazyload\" alt=\"\" data-src=\"https:\/\/solrezza.net\/wp-content\/uploads\/2022\/01\/Catastrophic-Forgetting-Sol-Rezza-2021-10-1080x720.jpg\" data-srcset=\"https:\/\/solrezza.net\/wp-content\/uploads\/2022\/01\/Catastrophic-Forgetting-Sol-Rezza-2021-10-1080x720.jpg 1080w, https:\/\/solrezza.net\/wp-content\/uploads\/2022\/01\/Catastrophic-Forgetting-Sol-Rezza-2021-10-300x200.jpg 300w, https:\/\/solrezza.net\/wp-content\/uploads\/2022\/01\/Catastrophic-Forgetting-Sol-Rezza-2021-10-1320x880.jpg 1320w, https:\/\/solrezza.net\/wp-content\/uploads\/2022\/01\/Catastrophic-Forgetting-Sol-Rezza-2021-10-18x12.jpg 18w, https:\/\/solrezza.net\/wp-content\/uploads\/2022\/01\/Catastrophic-Forgetting-Sol-Rezza-2021-10-1536x1024.jpg 1536w, https:\/\/solrezza.net\/wp-content\/uploads\/2022\/01\/Catastrophic-Forgetting-Sol-Rezza-2021-10-720x480.jpg 720w, https:\/\/solrezza.net\/wp-content\/uploads\/2022\/01\/Catastrophic-Forgetting-Sol-Rezza-2021-10.jpg 1555w\" data-sizes=\"(max-width: 780px) 100vw, 780px\" data-aspect=\"1.5\" \/>\t\t\t\t\t\t\t\t\t\t\t\t\t\t\t<\/div>\n\t\t\t\t<\/div>\n\t\t<div class=\"elementor-element elementor-element-8f093e9 e-con-full e-flex e-con e-child\" data-id=\"8f093e9\" data-element_type=\"container\" data-e-type=\"container\">\n\t\t\t\t<div class=\"elementor-element elementor-element-5966658 elementor-widget elementor-widget-heading\" data-id=\"5966658\" data-element_type=\"widget\" data-e-type=\"widget\" data-widget_type=\"heading.default\">\n\t\t\t\t\t<h5 class=\"elementor-heading-title elementor-size-default\">Sistemas personalizados de audio multicanal y espacial<\/h5>\t\t\t\t<\/div>\n\t\t\t\t<div class=\"elementor-element elementor-element-7265957 elementor-widget elementor-widget-spacer\" data-id=\"7265957\" data-element_type=\"widget\" data-e-type=\"widget\" data-widget_type=\"spacer.default\">\n\t\t\t\t\t\t\t<div class=\"elementor-spacer\">\n\t\t\t<div class=\"elementor-spacer-inner\"><\/div>\n\t\t<\/div>\n\t\t\t\t\t\t<\/div>\n\t\t\t\t<div class=\"elementor-element elementor-element-4d021be elementor-widget elementor-widget-text-editor\" data-id=\"4d021be\" data-element_type=\"widget\" data-e-type=\"widget\" data-widget_type=\"text-editor.default\">\n\t\t\t\t\t\t\t\t\t<p>Ya sea que trabajes con auriculares binaurales, arreglos ambis\u00f3nicos o sistemas de audio basados en objetos a gran escala, ofrezco asesor\u00eda para seleccionar y configurar el hardware y software adecuados. Desde la ubicaci\u00f3n de los altavoces y el enrutamiento de se\u00f1ales hasta la calibraci\u00f3n y afinaci\u00f3n fina, cada detalle cuenta para lograr claridad inmersiva y precisi\u00f3n espacial.<\/p>\t\t\t\t\t\t\t\t<\/div>\n\t\t\t\t<div class=\"elementor-element elementor-element-ea2d231 elementor-widget-divider--separator-type-pattern elementor-widget-divider--view-line elementor-widget elementor-widget-divider\" data-id=\"ea2d231\" data-element_type=\"widget\" data-e-type=\"widget\" data-widget_type=\"divider.default\">\n\t\t\t\t\t\t\t<div class=\"elementor-divider\" style=\"--divider-pattern-url: url(&quot;data:image\/svg+xml,%3Csvg xmlns=&#039;http:\/\/www.w3.org\/2000\/svg&#039; preserveAspectRatio=&#039;none&#039; overflow=&#039;visible&#039; height=&#039;100%&#039; viewBox=&#039;0 0 20 16&#039; fill=&#039;none&#039; stroke=&#039;black&#039; stroke-width=&#039;1&#039; stroke-linecap=&#039;square&#039; stroke-miterlimit=&#039;10&#039;%3E%3Cg transform=&#039;translate(-12.000000, 0)&#039;%3E%3Cpath d=&#039;M28,0L10,18&#039;\/%3E%3Cpath d=&#039;M18,0L0,18&#039;\/%3E%3Cpath d=&#039;M48,0L30,18&#039;\/%3E%3Cpath d=&#039;M38,0L20,18&#039;\/%3E%3C\/g%3E%3C\/svg%3E&quot;);\">\n\t\t\t<span class=\"elementor-divider-separator\">\n\t\t\t\t\t\t<\/span>\n\t\t<\/div>\n\t\t\t\t\t\t<\/div>\n\t\t\t\t<\/div>\n\t\t\t\t\t<\/div>\n\t\t\t\t<\/div>\n\t\t<div class=\"elementor-element elementor-element-a915ca3 e-flex e-con-boxed e-con e-parent\" data-id=\"a915ca3\" data-element_type=\"container\" data-e-type=\"container\">\n\t\t\t\t\t<div class=\"e-con-inner\">\n\t\t<div class=\"elementor-element elementor-element-9c7b863 e-con-full e-flex e-con e-child\" data-id=\"9c7b863\" data-element_type=\"container\" data-e-type=\"container\">\n\t\t\t\t<div class=\"elementor-element elementor-element-8231878 elementor-widget elementor-widget-heading\" data-id=\"8231878\" data-element_type=\"widget\" data-e-type=\"widget\" data-widget_type=\"heading.default\">\n\t\t\t\t\t<h5 class=\"elementor-heading-title elementor-size-default\">Optimizaci\u00f3n de la ac\u00fastica y el entorno del espacio<\/h5>\t\t\t\t<\/div>\n\t\t\t\t<div class=\"elementor-element elementor-element-5dc960f elementor-widget elementor-widget-spacer\" data-id=\"5dc960f\" data-element_type=\"widget\" data-e-type=\"widget\" data-widget_type=\"spacer.default\">\n\t\t\t\t\t\t\t<div class=\"elementor-spacer\">\n\t\t\t<div class=\"elementor-spacer-inner\"><\/div>\n\t\t<\/div>\n\t\t\t\t\t\t<\/div>\n\t\t\t\t<div class=\"elementor-element elementor-element-7d15282 elementor-widget elementor-widget-text-editor\" data-id=\"7d15282\" data-element_type=\"widget\" data-e-type=\"widget\" data-widget_type=\"text-editor.default\">\n\t\t\t\t\t\t\t\t\t<p>El espacio f\u00edsico donde se experimenta el sonido determina la sensaci\u00f3n de inmersi\u00f3n. Analizo las caracter\u00edsticas ac\u00fasticas y recomiendo tratamientos o ajustes de dise\u00f1o para mejorar la claridad sonora, reducir reflexiones no deseadas y crear un ambiente sonoro equilibrado, ya sea en una galer\u00eda, sala de conciertos o espacio de instalaci\u00f3n.<\/p>\t\t\t\t\t\t\t\t<\/div>\n\t\t\t\t<\/div>\n\t\t<div class=\"elementor-element elementor-element-884c797 e-con-full e-flex e-con e-child\" data-id=\"884c797\" data-element_type=\"container\" data-e-type=\"container\">\n\t\t\t\t<div class=\"elementor-element elementor-element-3031941 elementor-widget elementor-widget-heading\" data-id=\"3031941\" data-element_type=\"widget\" data-e-type=\"widget\" data-widget_type=\"heading.default\">\n\t\t\t\t\t<h5 class=\"elementor-heading-title elementor-size-default\">Simplificaci\u00f3n de los flujos de trabajo de audio espacial<\/h5>\t\t\t\t<\/div>\n\t\t\t\t<div class=\"elementor-element elementor-element-10c668a elementor-widget elementor-widget-spacer\" data-id=\"10c668a\" data-element_type=\"widget\" data-e-type=\"widget\" data-widget_type=\"spacer.default\">\n\t\t\t\t\t\t\t<div class=\"elementor-spacer\">\n\t\t\t<div class=\"elementor-spacer-inner\"><\/div>\n\t\t<\/div>\n\t\t\t\t\t\t<\/div>\n\t\t\t\t<div class=\"elementor-element elementor-element-786f4eb elementor-widget elementor-widget-text-editor\" data-id=\"786f4eb\" data-element_type=\"widget\" data-e-type=\"widget\" data-widget_type=\"text-editor.default\">\n\t\t\t\t\t\t\t\t\t<p>Gestionar proyectos complejos de audio espacial requiere flujos de trabajo eficientes. Te ayudo a integrar herramientas de audio espacial, manejar sesiones multicanal y automatizar procesos para mejorar la productividad sin comprometer la calidad. Esto incluye asesoramiento sobre plataformas de software, middleware y t\u00e9cnicas de mezcla en vivo.<\/p>\t\t\t\t\t\t\t\t<\/div>\n\t\t\t\t<\/div>\n\t\t<div class=\"elementor-element elementor-element-86ba592 e-con-full e-flex e-con e-child\" data-id=\"86ba592\" data-element_type=\"container\" data-e-type=\"container\">\n\t\t\t\t<div class=\"elementor-element elementor-element-af5d676 elementor-widget-divider--separator-type-pattern elementor-widget-divider--view-line elementor-widget elementor-widget-divider\" data-id=\"af5d676\" data-element_type=\"widget\" data-e-type=\"widget\" data-widget_type=\"divider.default\">\n\t\t\t\t\t\t\t<div class=\"elementor-divider\" style=\"--divider-pattern-url: url(&quot;data:image\/svg+xml,%3Csvg xmlns=&#039;http:\/\/www.w3.org\/2000\/svg&#039; preserveAspectRatio=&#039;none&#039; overflow=&#039;visible&#039; height=&#039;100%&#039; viewBox=&#039;0 0 20 16&#039; fill=&#039;none&#039; stroke=&#039;black&#039; stroke-width=&#039;1&#039; stroke-linecap=&#039;square&#039; stroke-miterlimit=&#039;10&#039;%3E%3Cg transform=&#039;translate(-12.000000, 0)&#039;%3E%3Cpath d=&#039;M28,0L10,18&#039;\/%3E%3Cpath d=&#039;M18,0L0,18&#039;\/%3E%3Cpath d=&#039;M48,0L30,18&#039;\/%3E%3Cpath d=&#039;M38,0L20,18&#039;\/%3E%3C\/g%3E%3C\/svg%3E&quot;);\">\n\t\t\t<span class=\"elementor-divider-separator\">\n\t\t\t\t\t\t<\/span>\n\t\t<\/div>\n\t\t\t\t\t\t<\/div>\n\t\t\t\t<div class=\"elementor-element elementor-element-978b9ff elementor-widget elementor-widget-heading\" data-id=\"978b9ff\" data-element_type=\"widget\" data-e-type=\"widget\" data-widget_type=\"heading.default\">\n\t\t\t\t\t<h5 class=\"elementor-heading-title elementor-size-default\">Tecnolog\u00edas de audio de pr\u00f3xima generaci\u00f3n<\/h5>\t\t\t\t<\/div>\n\t\t\t\t<div class=\"elementor-element elementor-element-a62195d elementor-widget elementor-widget-spacer\" data-id=\"a62195d\" data-element_type=\"widget\" data-e-type=\"widget\" data-widget_type=\"spacer.default\">\n\t\t\t\t\t\t\t<div class=\"elementor-spacer\">\n\t\t\t<div class=\"elementor-spacer-inner\"><\/div>\n\t\t<\/div>\n\t\t\t\t\t\t<\/div>\n\t\t\t\t<div class=\"elementor-element elementor-element-7228ce7 elementor-widget elementor-widget-text-editor\" data-id=\"7228ce7\" data-element_type=\"widget\" data-e-type=\"widget\" data-widget_type=\"text-editor.default\">\n\t\t\t\t\t\t\t\t\t<p>El audio inmersivo est\u00e1 evolucionando r\u00e1pidamente con innovaciones como el seguimiento de cabeza en tiempo real, la renderizaci\u00f3n ac\u00fastica personalizada y la mezcla asistida por inteligencia artificial. Te mantengo al tanto de las tecnolog\u00edas m\u00e1s avanzadas y te ayudo a implementar soluciones que preparen tus proyectos para el futuro, asegurando que tus entornos inmersivos se mantengan a la vanguardia.<\/p>\t\t\t\t\t\t\t\t<\/div>\n\t\t\t\t<\/div>\n\t\t\t\t\t<\/div>\n\t\t\t\t<\/div>\n\t\t<div class=\"elementor-element elementor-element-55e55c5 e-flex e-con-boxed e-con e-parent\" data-id=\"55e55c5\" data-element_type=\"container\" data-e-type=\"container\">\n\t\t\t\t\t<div class=\"e-con-inner\">\n\t\t\t\t<div class=\"elementor-element elementor-element-b8095ed elementor-widget elementor-widget-text-editor\" data-id=\"b8095ed\" data-element_type=\"widget\" data-e-type=\"widget\" data-widget_type=\"text-editor.default\">\n\t\t\t\t\t\t\t\t\t<p><strong><em>\u00bfTu proyecto requiere asesoramiento especializado en audio inmersivo, espacializaci\u00f3n o implementaci\u00f3n t\u00e9cnica avanzada?<\/em><\/strong><\/p><p><strong><em>Solicit\u00e1 una consultor\u00eda y recib\u00ed soluciones personalizadas dise\u00f1adas para optimizar tu flujo de trabajo y llevar tu sonido al siguiente nivel.<\/em><\/strong><\/p>\t\t\t\t\t\t\t\t<\/div>\n\t\t\t\t<div class=\"elementor-element elementor-element-60bd88f elementor-align-center elementor-widget elementor-widget-ld_button\" data-id=\"60bd88f\" data-element_type=\"widget\" data-e-type=\"widget\" data-widget_type=\"ld_button.default\">\n\t\t\t\t<div class=\"elementor-widget-container\">\n\t\t\t\t\t\n\t\t\t<a\n\t\t\t\thref=\"https:\/\/solrezza.net\/es\/technical-consultancy\/\"class=\"elementor-button btn btn-solid btn-xlg btn-icon-left btn-has-label\"\t\t\t>\n\t\t\t\t\t\t\t\t\t<span data-text=\"Request a technical consultancy.\" class=\"btn-txt\">\n\t\t\t\t\t\tSolicitud de Consultor\u00eda T\u00e9cnica\t\t\t\t\t<\/span>\n\t\t\t\t\t\t\t\t\t\t\t\t\t\t<span class=\"btn-icon\">\n\t\t\t\t\t\t\t<svg aria-hidden=\"true\" class=\"e-font-icon-svg e-fas-tools\" viewbox=\"0 0 512 512\" xmlns=\"http:\/\/www.w3.org\/2000\/svg\"><path d=\"M501.1 395.7L384 278.6c-23.1-23.1-57.6-27.6-85.4-13.9L192 158.1V96L64 0 0 64l96 128h62.1l106.6 106.6c-13.6 27.8-9.2 62.3 13.9 85.4l117.1 117.1c14.6 14.6 38.2 14.6 52.7 0l52.7-52.7c14.5-14.6 14.5-38.2 0-52.7zM331.7 225c28.3 0 54.9 11 74.9 31l19.4 19.4c15.8-6.9 30.8-16.5 43.8-29.5 37.1-37.1 49.7-89.3 37.9-136.7-2.2-9-13.5-12.1-20.1-5.5l-74.4 74.4-67.9-11.3L334 98.9l74.4-74.4c6.6-6.6 3.4-17.9-5.7-20.2-47.4-11.7-99.6.9-136.6 37.9-28.5 28.5-41.9 66.1-41.2 103.6l82.1 82.1c8.1-1.9 16.5-2.9 24.7-2.9zm-103.9 82l-56.7-56.7L18.7 402.8c-25 25-25 65.5 0 90.5s65.5 25 90.5 0l123.6-123.6c-7.6-19.9-9.9-41.6-5-62.7zM64 472c-13.2 0-24-10.8-24-24 0-13.3 10.7-24 24-24s24 10.7 24 24c0 13.2-10.7 24-24 24z\"><\/path><\/svg>\t\t\t\t\t\t<\/span>\n\t\t\t\t\t\t\t\t\t<\/a>\n\t\t\t\t\t\t\t<\/div>\n\t\t\t\t<\/div>\n\t\t\t\t<div class=\"elementor-element elementor-element-3778be9 elementor-widget-divider--separator-type-pattern elementor-widget-divider--view-line elementor-widget elementor-widget-divider\" data-id=\"3778be9\" data-element_type=\"widget\" data-e-type=\"widget\" data-widget_type=\"divider.default\">\n\t\t\t\t\t\t\t<div class=\"elementor-divider\" style=\"--divider-pattern-url: url(&quot;data:image\/svg+xml,%3Csvg xmlns=&#039;http:\/\/www.w3.org\/2000\/svg&#039; preserveAspectRatio=&#039;none&#039; overflow=&#039;visible&#039; height=&#039;100%&#039; viewBox=&#039;0 0 20 16&#039; fill=&#039;none&#039; stroke=&#039;black&#039; stroke-width=&#039;1&#039; stroke-linecap=&#039;square&#039; stroke-miterlimit=&#039;10&#039;%3E%3Cg transform=&#039;translate(-12.000000, 0)&#039;%3E%3Cpath d=&#039;M28,0L10,18&#039;\/%3E%3Cpath d=&#039;M18,0L0,18&#039;\/%3E%3Cpath d=&#039;M48,0L30,18&#039;\/%3E%3Cpath d=&#039;M38,0L20,18&#039;\/%3E%3C\/g%3E%3C\/svg%3E&quot;);\">\n\t\t\t<span class=\"elementor-divider-separator\">\n\t\t\t\t\t\t<\/span>\n\t\t<\/div>\n\t\t\t\t\t\t<\/div>\n\t\t\t\t\t<\/div>\n\t\t\t\t<\/div>\n\t\t\t\t<\/div>","protected":false},"excerpt":{"rendered":"<p>Technical Consulting Expert support in immersive system design and integration Creating truly immersive audio experiences requires more than just good sound\u2014it demands precise system design, optimal room acoustics, and seamless integration of advanced technologies. I provide expert consulting to help you build and optimize multichannel audio setups tailored to your unique environment and creative vision. [&hellip;]<\/p>\n","protected":false},"author":2,"featured_media":0,"parent":0,"menu_order":0,"comment_status":"closed","ping_status":"closed","template":"","meta":{"footnotes":""},"class_list":["post-15320","page","type-page","status-publish","hentry"],"_links":{"self":[{"href":"https:\/\/solrezza.net\/es\/wp-json\/wp\/v2\/pages\/15320","targetHints":{"allow":["GET"]}}],"collection":[{"href":"https:\/\/solrezza.net\/es\/wp-json\/wp\/v2\/pages"}],"about":[{"href":"https:\/\/solrezza.net\/es\/wp-json\/wp\/v2\/types\/page"}],"author":[{"embeddable":true,"href":"https:\/\/solrezza.net\/es\/wp-json\/wp\/v2\/users\/2"}],"replies":[{"embeddable":true,"href":"https:\/\/solrezza.net\/es\/wp-json\/wp\/v2\/comments?post=15320"}],"version-history":[{"count":0,"href":"https:\/\/solrezza.net\/es\/wp-json\/wp\/v2\/pages\/15320\/revisions"}],"wp:attachment":[{"href":"https:\/\/solrezza.net\/es\/wp-json\/wp\/v2\/media?parent=15320"}],"curies":[{"name":"wp","href":"https:\/\/api.w.org\/{rel}","templated":true}]}}