{"id":15077,"date":"2025-05-23T13:43:41","date_gmt":"2025-05-23T16:43:41","guid":{"rendered":"https:\/\/solrezza.net\/?page_id=15077"},"modified":"2025-05-23T15:44:21","modified_gmt":"2025-05-23T18:44:21","slug":"immersive-experience","status":"publish","type":"page","link":"https:\/\/solrezza.net\/es\/immersive-experience\/","title":{"rendered":"Experiencia Inmersiva"},"content":{"rendered":"<div data-elementor-type=\"wp-page\" data-elementor-id=\"15077\" class=\"elementor elementor-15077\">\n\t\t\t\t<div class=\"elementor-element elementor-element-d907a51 e-flex e-con-boxed e-con e-parent\" data-id=\"d907a51\" data-element_type=\"container\" data-e-type=\"container\">\n\t\t\t\t\t<div class=\"e-con-inner\">\n\t\t\t\t<div class=\"elementor-element elementor-element-e36c2ec elementor-widget elementor-widget-heading\" data-id=\"e36c2ec\" data-element_type=\"widget\" data-e-type=\"widget\" data-widget_type=\"heading.default\">\n\t\t\t\t\t<h2 class=\"elementor-heading-title elementor-size-default\">Experiencia Inmersiva<\/h2>\t\t\t\t<\/div>\n\t\t\t\t<div class=\"elementor-element elementor-element-35938ea elementor-widget elementor-widget-ld_text_reveal\" data-id=\"35938ea\" data-element_type=\"widget\" data-e-type=\"widget\" data-widget_type=\"ld_text_reveal.default\">\n\t\t\t\t<div class=\"elementor-widget-container\">\n\t\t\t\t\t<h2 class=\"lqd-text-reveal-el mt-0 mb-0\" data-split-text=\"true\" data-split-options=\"{&quot;type&quot;:&quot;words, chars&quot;}\" data-parallax=\"true\" data-parallax-options=\"{&quot;disableOnMobile&quot;:false,&quot;parallaxTargets&quot;:&quot;.lqd-chars, figure&quot;,&quot;start&quot;:&quot;top 70%&quot;,&quot;end&quot;:&quot;bottom bottom&quot;,&quot;scrub&quot;:3,&quot;skipWillChange&quot;:true}\" data-parallax-from=\"{&quot;opacity&quot;:0.2}\" data-parallax-to=\"{&quot;opacity&quot;:1,&quot;stagger&quot;:{&quot;from&quot;:&quot;start&quot;,&quot;each&quot;:1}}\">Dise\u00f1o personalizado de audio espacial para entornos virtuales, f\u00edsicos e h\u00edbridos.<\/h2>\t\t\t\t<\/div>\n\t\t\t\t<\/div>\n\t\t\t\t\t<\/div>\n\t\t\t\t<\/div>\n\t\t<div class=\"elementor-element elementor-element-33b0add e-flex e-con-boxed e-con e-parent\" data-id=\"33b0add\" data-element_type=\"container\" data-e-type=\"container\">\n\t\t\t\t\t<div class=\"e-con-inner\">\n\t\t\t\t<div class=\"elementor-element elementor-element-6193ca6 elementor-widget elementor-widget-text-editor\" data-id=\"6193ca6\" data-element_type=\"widget\" data-e-type=\"widget\" data-widget_type=\"text-editor.default\">\n\t\t\t\t\t\t\t\t\t<p>Creo experiencias sonoras inmersivas adaptadas a cada contexto, potenciando la narrativa y la presencia a trav\u00e9s de t\u00e9cnicas avanzadas de audio espacial como el binaural, ambis\u00f3nico y audio basado en objetos.<\/p>\t\t\t\t\t\t\t\t<\/div>\n\t\t\t\t\t<\/div>\n\t\t\t\t<\/div>\n\t\t<div class=\"elementor-element elementor-element-a97aece e-flex e-con-boxed e-con e-parent\" data-id=\"a97aece\" data-element_type=\"container\" data-e-type=\"container\">\n\t\t\t\t\t<div class=\"e-con-inner\">\n\t\t\t\t<div class=\"elementor-element elementor-element-5c7f782 elementor-widget elementor-widget-heading\" data-id=\"5c7f782\" data-element_type=\"widget\" data-e-type=\"widget\" data-widget_type=\"heading.default\">\n\t\t\t\t\t<h4 class=\"elementor-heading-title elementor-size-default\">Obras Recientes<\/h4>\t\t\t\t<\/div>\n\t\t\t\t<div class=\"elementor-element elementor-element-0b4f4b5 elementor-widget elementor-widget-ld_portfolio\" data-id=\"0b4f4b5\" data-element_type=\"widget\" data-e-type=\"widget\" data-widget_type=\"ld_portfolio.default\">\n\t\t\t\t<div class=\"elementor-widget-container\">\n\t\t\t\t\t<div class=\"lqd-pf-grid lqd-pf-grid-0b4f4b5\"><div id=\"lqd-pf-grid-0b4f4b5\" class=\"lqd-pf-row row d-flex flex-wrap lqd-pf-grid-0b4f4b5\" data-liquid-masonry=\"true\" data-masonry-options='{ \"layoutMode\": \"packery\" }'><div class=\"lqd-pf-column col-md-4 col-sm-6 col-xs-12 col-sm-6 col-xs-12 masonry-item installation portfolio sound-art lqd-f-3895 lqd-f-3893 lqd-f-3901\">\n\n\t<article id=\"post-15181\" class=\"lqd-pf-item lqd-pf-item-style-6 border-radius-6 p-3 pt-4 lqd-pf-dark post-15181 liquid-portfolio type-liquid-portfolio status-publish format-standard has-post-thumbnail hentry liquid-portfolio-category-installation liquid-portfolio-category-portfolio liquid-portfolio-category-sound-art\">\n\t\t<div class=\"lqd-pf-item-inner\">\n\n\t\t\t<div class=\"lqd-pf-img mb-3 pos-rel border-radius-10 overflow-hidden\">\n\t\t\t\t<figure>\n\t\t\t\t\t<figure class=\"w-100\"><img fetchpriority=\"high\" decoding=\"async\" width=\"4000\" height=\"2667\" src=\"https:\/\/solrezza.net\/wp-content\/uploads\/2025\/05\/Argentoratum-00-1.jpg\" class=\"w-100 wp-post-image\" alt=\"\" srcset=\"https:\/\/solrezza.net\/wp-content\/uploads\/2025\/05\/Argentoratum-00-1.jpg 4000w, https:\/\/solrezza.net\/wp-content\/uploads\/2025\/05\/Argentoratum-00-1-300x200.jpg 300w, https:\/\/solrezza.net\/wp-content\/uploads\/2025\/05\/Argentoratum-00-1-1080x720.jpg 1080w, https:\/\/solrezza.net\/wp-content\/uploads\/2025\/05\/Argentoratum-00-1-18x12.jpg 18w, https:\/\/solrezza.net\/wp-content\/uploads\/2025\/05\/Argentoratum-00-1-1536x1024.jpg 1536w, https:\/\/solrezza.net\/wp-content\/uploads\/2025\/05\/Argentoratum-00-1-2048x1366.jpg 2048w, https:\/\/solrezza.net\/wp-content\/uploads\/2025\/05\/Argentoratum-00-1-720x480.jpg 720w\" sizes=\"(max-width: 4000px) 100vw, 4000px\" itemprop=\"image\" \/><\/figure>\t\t\t\t<\/figure>\n\t\t\t\t<span class=\"lqd-pf-overlay-bg lqd-overlay d-flex align-items-center justify-content-center\">\n\t\t\t\t<\/span>\n\t\t\t<\/div>\n\n\t\t\t<div class=\"lqd-pf-details\">\n\t\t\t\t<div class=\"d-flex justify-content-between\">\n\t\t\t\t\t\t\t\t\t\t<h2 class=\"lqd-pf-title mt-0 align-items-center h5\">ARGENTORATUM<\/h2>\t\t\t\t\t\t\t\t\t<\/div>\n\t\t\t\t<ul class=\"reset-ul inline-nav lqd-pf-cat d-inline-flex pos-rel z-index-2\"><li><a href=\"https:\/\/solrezza.net\/es\/portfolio-category\/installation\/\">Instalaci\u00f3n<\/a><\/li><\/ul>\t\t\t<\/div>\n\n\t\t\t<a href=\"https:\/\/solrezza.net\/es\/portfolio\/argentoratum\/\"  class=\"lqd-overlay lqd-pf-overlay-link lqd-cc-label-trigger\" ><\/a>\n\t\t<\/div>\n\t<\/article>\n\n<\/div><div class=\"lqd-pf-column col-md-4 col-sm-6 col-xs-12 col-sm-6 col-xs-12 masonry-item audio-visual-performances audiovisual portfolio lqd-f-3894 lqd-f-3899 lqd-f-3893\">\n\n\t<article id=\"post-15166\" class=\"lqd-pf-item lqd-pf-item-style-6 border-radius-6 p-3 pt-4 lqd-pf-dark post-15166 liquid-portfolio type-liquid-portfolio status-publish format-standard has-post-thumbnail hentry liquid-portfolio-category-audio-visual-performances liquid-portfolio-category-audiovisual liquid-portfolio-category-portfolio\">\n\t\t<div class=\"lqd-pf-item-inner\">\n\n\t\t\t<div class=\"lqd-pf-img mb-3 pos-rel border-radius-10 overflow-hidden\">\n\t\t\t\t<figure>\n\t\t\t\t\t<figure class=\"w-100\"><img decoding=\"async\" width=\"1024\" height=\"994\" src=\"data:image\/svg+xml;charset=utf-8,%3Csvg xmlns%3D&#039;http%3A%2F%2Fwww.w3.org%2F2000%2Fsvg&#039; viewBox%3D&#039;0 0 1024 994&#039;%2F%3E\" class=\"w-100 ld-lazyload wp-post-image\" alt=\"\" itemprop=\"image\" data-src=\"https:\/\/solrezza.net\/wp-content\/uploads\/2025\/05\/Sol-Rezza-Workshop-Micromundos-Sonoros-.png\" data-srcset=\"https:\/\/solrezza.net\/wp-content\/uploads\/2025\/05\/Sol-Rezza-Workshop-Micromundos-Sonoros-.png 1024w, https:\/\/solrezza.net\/wp-content\/uploads\/2025\/05\/Sol-Rezza-Workshop-Micromundos-Sonoros--300x291.png 300w, https:\/\/solrezza.net\/wp-content\/uploads\/2025\/05\/Sol-Rezza-Workshop-Micromundos-Sonoros--12x12.png 12w\" data-sizes=\"(max-width: 1024px) 100vw, 1024px\" data-aspect=\"1.0301810865191\" \/><\/figure>\t\t\t\t<\/figure>\n\t\t\t\t<span class=\"lqd-pf-overlay-bg lqd-overlay d-flex align-items-center justify-content-center\">\n\t\t\t\t<\/span>\n\t\t\t<\/div>\n\n\t\t\t<div class=\"lqd-pf-details\">\n\t\t\t\t<div class=\"d-flex justify-content-between\">\n\t\t\t\t\t\t\t\t\t\t<h2 class=\"lqd-pf-title mt-0 align-items-center h5\">Microscop\u00eda Ac\u00fastica Amplificada<\/h2>\t\t\t\t\t\t\t\t\t<\/div>\n\t\t\t\t<ul class=\"reset-ul inline-nav lqd-pf-cat d-inline-flex pos-rel z-index-2\"><li><a href=\"https:\/\/solrezza.net\/es\/portfolio-category\/audio-visual-performances\/\">A\/V Performances<\/a><\/li><\/ul>\t\t\t<\/div>\n\n\t\t\t<a href=\"https:\/\/solrezza.net\/es\/portfolio\/microscopia-acustica-amplificada\/\"  class=\"lqd-overlay lqd-pf-overlay-link lqd-cc-label-trigger\" ><\/a>\n\t\t<\/div>\n\t<\/article>\n\n<\/div><div class=\"lqd-pf-column col-md-4 col-sm-6 col-xs-12 col-sm-6 col-xs-12 masonry-item audio-visual-performances portfolio lqd-f-3894 lqd-f-3893\">\n\n\t<article id=\"post-15105\" class=\"lqd-pf-item lqd-pf-item-style-6 border-radius-6 p-3 pt-4 lqd-pf-dark post-15105 liquid-portfolio type-liquid-portfolio status-publish format-standard has-post-thumbnail hentry liquid-portfolio-category-audio-visual-performances liquid-portfolio-category-portfolio\">\n\t\t<div class=\"lqd-pf-item-inner\">\n\n\t\t\t<div class=\"lqd-pf-img mb-3 pos-rel border-radius-10 overflow-hidden\">\n\t\t\t\t<figure>\n\t\t\t\t\t<figure class=\"w-100\"><img decoding=\"async\" width=\"743\" height=\"567\" src=\"data:image\/svg+xml;charset=utf-8,%3Csvg xmlns%3D&#039;http%3A%2F%2Fwww.w3.org%2F2000%2Fsvg&#039; viewBox%3D&#039;0 0 743 567&#039;%2F%3E\" class=\"w-100 ld-lazyload wp-post-image\" alt=\"\" itemprop=\"image\" data-src=\"https:\/\/solrezza.net\/wp-content\/uploads\/2025\/05\/2024-07-25_124330-1.jpg\" data-srcset=\"https:\/\/solrezza.net\/wp-content\/uploads\/2025\/05\/2024-07-25_124330-1.jpg 743w, https:\/\/solrezza.net\/wp-content\/uploads\/2025\/05\/2024-07-25_124330-1-300x229.jpg 300w, https:\/\/solrezza.net\/wp-content\/uploads\/2025\/05\/2024-07-25_124330-1-16x12.jpg 16w\" data-sizes=\"(max-width: 743px) 100vw, 743px\" data-aspect=\"1.310405643739\" \/><\/figure>\t\t\t\t<\/figure>\n\t\t\t\t<span class=\"lqd-pf-overlay-bg lqd-overlay d-flex align-items-center justify-content-center\">\n\t\t\t\t<\/span>\n\t\t\t<\/div>\n\n\t\t\t<div class=\"lqd-pf-details\">\n\t\t\t\t<div class=\"d-flex justify-content-between\">\n\t\t\t\t\t\t\t\t\t\t<h2 class=\"lqd-pf-title mt-0 align-items-center h5\">Est\u00e1s en el umbral: di\u00e1logo entre lo humano y lo virtual<\/h2>\t\t\t\t\t\t\t\t\t<\/div>\n\t\t\t\t<ul class=\"reset-ul inline-nav lqd-pf-cat d-inline-flex pos-rel z-index-2\"><li><a href=\"https:\/\/solrezza.net\/es\/portfolio-category\/audio-visual-performances\/\">A\/V Performances<\/a><\/li><\/ul>\t\t\t<\/div>\n\n\t\t\t<a href=\"https:\/\/solrezza.net\/es\/portfolio\/estas-en-el-umbral\/\"  class=\"lqd-overlay lqd-pf-overlay-link lqd-cc-label-trigger\" ><\/a>\n\t\t<\/div>\n\t<\/article>\n\n<\/div><\/div><div class=\"page-nav text-center\"><nav aria-label=\"Men\u00fa de navegaci\u00f3n\"><ul class=\"pagination\"><li><span aria-current=\"page\" class=\"page-numbers current\">1<\/span><\/li>\n\t<li><a class=\"page-numbers\" href=\"https:\/\/solrezza.net\/es\/wp-json\/wp\/v2\/pages\/15077\/page\/2\/\">2<\/a><\/li>\n\t<li><a class=\"page-numbers\" href=\"https:\/\/solrezza.net\/es\/wp-json\/wp\/v2\/pages\/15077\/page\/3\/\">3<\/a><\/li>\n\t<li><span class=\"page-numbers dots\">&hellip;<\/span><\/li>\n\t<li><a class=\"page-numbers\" href=\"https:\/\/solrezza.net\/es\/wp-json\/wp\/v2\/pages\/15077\/page\/9\/\">9<\/a><\/li>\n\t<li><a class=\"next page-numbers\" href=\"https:\/\/solrezza.net\/es\/wp-json\/wp\/v2\/pages\/15077\/page\/2\/\"><span aria-hidden=\"true\"><svg xmlns=\"http:\/\/www.w3.org\/2000\/svg\" width=\"12\" height=\"32\" viewbox=\"0 0 12 32\" style=\"width: 1em;height: 1em\"><path fill=\"currentColor\" d=\"M8.375 16L.437 8.062C-.125 7.5-.125 6.5.438 5.938s1.563-.563 2.126 0l9 9c.562.562.624 1.5.062 2.062l-9.063 9.063c-.312.312-.687.437-1.062.437s-.75-.125-1.063-.438c-.562-.562-.562-1.562 0-2.125z\"><\/path><\/svg><\/span><\/a><\/li><\/ul><\/nav><\/div><\/div>\t\t\t\t<\/div>\n\t\t\t\t<\/div>\n\t\t\t\t\t<\/div>\n\t\t\t\t<\/div>\n\t\t\t\t<\/div>","protected":false},"excerpt":{"rendered":"<p>Immersive Experience Custom spatial audio design for virtual, physical, and hybrid environments. I create immersive sound experiences tailored to each context, enhancing narrative and presence through advanced spatial audio techniques like binaural, ambisonics, and object-based audio. Latest Works 20 Electronic Art El A\u00f1o del Conejo Reissue Album Abismos A\/V Performances 1 2 3 &hellip; 8<\/p>","protected":false},"author":2,"featured_media":0,"parent":0,"menu_order":0,"comment_status":"closed","ping_status":"closed","template":"","meta":{"footnotes":""},"class_list":["post-15077","page","type-page","status-publish","hentry"],"_links":{"self":[{"href":"https:\/\/solrezza.net\/es\/wp-json\/wp\/v2\/pages\/15077","targetHints":{"allow":["GET"]}}],"collection":[{"href":"https:\/\/solrezza.net\/es\/wp-json\/wp\/v2\/pages"}],"about":[{"href":"https:\/\/solrezza.net\/es\/wp-json\/wp\/v2\/types\/page"}],"author":[{"embeddable":true,"href":"https:\/\/solrezza.net\/es\/wp-json\/wp\/v2\/users\/2"}],"replies":[{"embeddable":true,"href":"https:\/\/solrezza.net\/es\/wp-json\/wp\/v2\/comments?post=15077"}],"version-history":[{"count":0,"href":"https:\/\/solrezza.net\/es\/wp-json\/wp\/v2\/pages\/15077\/revisions"}],"wp:attachment":[{"href":"https:\/\/solrezza.net\/es\/wp-json\/wp\/v2\/media?parent=15077"}],"curies":[{"name":"wp","href":"https:\/\/api.w.org\/{rel}","templated":true}]}}