{"id":13615,"date":"2025-02-21T19:37:40","date_gmt":"2025-02-21T22:37:40","guid":{"rendered":"https:\/\/solrezza.net\/?page_id=13615"},"modified":"2026-04-04T17:05:09","modified_gmt":"2026-04-04T20:05:09","slug":"about","status":"publish","type":"page","link":"https:\/\/solrezza.net\/es\/about\/","title":{"rendered":"Acerca"},"content":{"rendered":"<div data-elementor-type=\"wp-page\" data-elementor-id=\"13615\" class=\"elementor elementor-13615\">\n\t\t\t\t<div class=\"elementor-element elementor-element-9216048 e-flex e-con-boxed e-con e-parent\" data-id=\"9216048\" data-element_type=\"container\" data-e-type=\"container\">\n\t\t\t\t\t<div class=\"e-con-inner\">\n\t\t\t\t<div class=\"elementor-element elementor-element-9a64e3e elementor-widget elementor-widget-hub_fancy_heading\" data-id=\"9a64e3e\" data-element_type=\"widget\" data-e-type=\"widget\" data-widget_type=\"hub_fancy_heading.default\">\n\t\t\t\t<div class=\"elementor-widget-container\">\n\t\t\t\t\t\n\t\t<div id=\"ld-fancy-heading-69d29cdd4fb96\" class=\"ld-fancy-heading pos-rel\">\n\t\t\t<h3 class=\"ld-fh-element d-inline-block pos-rel  elementor-heading-title lqd-highlight-classic lqd-highlight-grow-left h3\"  > Estrategia de Infraestructura y Sistemas para Audio Inmersivo<\/h3>\t\t<\/div>\n\n\t\t\t\t\t\t<\/div>\n\t\t\t\t<\/div>\n\t\t\t\t<div class=\"elementor-element elementor-element-f1ccbc3 elementor-widget elementor-widget-hub_fancy_heading\" data-id=\"f1ccbc3\" data-element_type=\"widget\" data-e-type=\"widget\" data-widget_type=\"hub_fancy_heading.default\">\n\t\t\t\t<div class=\"elementor-widget-container\">\n\t\t\t\t\t\n\t\t<div id=\"ld-fancy-heading-69d29cdd50197\" class=\"ld-fancy-heading pos-rel\">\n\t\t\t<h5 class=\"ld-fh-element d-inline-block pos-rel  elementor-heading-title lqd-highlight-classic lqd-highlight-grow-left h5\"  > Dise\u00f1ando estrategias inmersivas sostenibles para reducir la fricci\u00f3n en las transiciones tecnol\u00f3gicas en Am\u00e9rica Latina.<\/h5>\t\t<\/div>\n\n\t\t\t\t\t\t<\/div>\n\t\t\t\t<\/div>\n\t\t\t\t\t<\/div>\n\t\t\t\t<\/div>\n\t\t<div class=\"elementor-element elementor-element-a49f2e9 e-flex e-con-boxed e-con e-parent\" data-id=\"a49f2e9\" data-element_type=\"container\" data-e-type=\"container\">\n\t\t\t\t\t<div class=\"e-con-inner\">\n\t\t<div class=\"elementor-element elementor-element-063986d e-con-full e-flex e-con e-child\" data-id=\"063986d\" data-element_type=\"container\" data-e-type=\"container\">\n\t\t\t\t<div class=\"elementor-element elementor-element-2a3ff65 elementor-widget elementor-widget-image\" data-id=\"2a3ff65\" data-element_type=\"widget\" data-e-type=\"widget\" data-widget_type=\"image.default\">\n\t\t\t\t\t\t\t\t\t\t\t\t\t\t\t<img fetchpriority=\"high\" decoding=\"async\" width=\"780\" height=\"1095\" src=\"https:\/\/solrezza.net\/wp-content\/uploads\/2025\/03\/Sol-Rezza-2024-1080x1516.jpg\" class=\"attachment-large size-large wp-image-14375\" alt=\"\" srcset=\"https:\/\/solrezza.net\/wp-content\/uploads\/2025\/03\/Sol-Rezza-2024-1080x1516.jpg 1080w, https:\/\/solrezza.net\/wp-content\/uploads\/2025\/03\/Sol-Rezza-2024-214x300.jpg 214w, https:\/\/solrezza.net\/wp-content\/uploads\/2025\/03\/Sol-Rezza-2024-9x12.jpg 9w, https:\/\/solrezza.net\/wp-content\/uploads\/2025\/03\/Sol-Rezza-2024-1094x1536.jpg 1094w, https:\/\/solrezza.net\/wp-content\/uploads\/2025\/03\/Sol-Rezza-2024-1459x2048.jpg 1459w\" sizes=\"(max-width: 780px) 100vw, 780px\" \/>\t\t\t\t\t\t\t\t\t\t\t\t\t\t\t<\/div>\n\t\t\t\t<\/div>\n\t\t<div class=\"elementor-element elementor-element-e77a488 e-con-full e-flex e-con e-child\" data-id=\"e77a488\" data-element_type=\"container\" data-e-type=\"container\">\n\t\t\t\t<div class=\"elementor-element elementor-element-2613d21 elementor-widget elementor-widget-text-editor\" data-id=\"2613d21\" data-element_type=\"widget\" data-e-type=\"widget\" data-widget_type=\"text-editor.default\">\n\t\t\t\t\t\t\t\t\t<p data-start=\"113\" data-end=\"364\">Soy Sol Rezza, consultora estrat\u00e9gica, ingeniera de audio e investigadora especializada en transformar la complejidad del audio inmersivo en soluciones operativas aplicables a contextos de producci\u00f3n del mundo real.<\/p><p data-path-to-node=\"4\">Mi trabajo aborda la brecha entre la teor\u00eda del sonido espacial y la realidad del estudio, donde los presupuestos, los plazos y las limitaciones de hardware determinan qu\u00e9 es realmente viable implementar.<\/p><p data-path-to-node=\"5\">Con m\u00e1s de una d\u00e9cada de experiencia en espacializaci\u00f3n de audio, integrando tanto la ingenier\u00eda como la pr\u00e1ctica art\u00edstica, dise\u00f1o flujos de trabajo personalizados que reducen la fricci\u00f3n en la adopci\u00f3n tecnol\u00f3gica. Mi enfoque se aleja de los modelos idealizados para centrarse en lo implementable: auditor\u00edas de flujo de trabajo, dise\u00f1o de pipelines de audio inmersivo, gu\u00edas de implementaci\u00f3n de software y procesos de Control de Calidad.<\/p><p data-path-to-node=\"6\">Tambi\u00e9n ofrezco servicios de consultor\u00eda y formaci\u00f3n orientados a la integraci\u00f3n de estos sistemas en diversos ecosistemas de producci\u00f3n.<\/p><p data-path-to-node=\"7\">Mi misi\u00f3n es transformar el audio inmersivo (a menudo percibido como complejo, costoso o fr\u00e1gil) en una pr\u00e1ctica de producci\u00f3n sostenible, escalable y funcional en diversos entornos, tanto f\u00edsicos como virtuales, priorizando siempre la experiencia del usuario final.<\/p>\t\t\t\t\t\t\t\t<\/div>\n\t\t\t\t<\/div>\n\t\t\t\t\t<\/div>\n\t\t\t\t<\/div>\n\t\t<div class=\"elementor-element elementor-element-1bcbe61 e-flex e-con-boxed e-con e-parent\" data-id=\"1bcbe61\" data-element_type=\"container\" data-e-type=\"container\">\n\t\t\t\t\t<div class=\"e-con-inner\">\n\t\t\t\t<div class=\"elementor-element elementor-element-bbda079 elementor-widget elementor-widget-heading\" data-id=\"bbda079\" data-element_type=\"widget\" data-e-type=\"widget\" data-widget_type=\"heading.default\">\n\t\t\t\t\t<h4 class=\"elementor-heading-title elementor-size-default\">Lo que hago<\/h4>\t\t\t\t<\/div>\n\t\t\t\t<div class=\"elementor-element elementor-element-e88c4df elementor-widget elementor-widget-spacer\" data-id=\"e88c4df\" data-element_type=\"widget\" data-e-type=\"widget\" data-widget_type=\"spacer.default\">\n\t\t\t\t\t\t\t<div class=\"elementor-spacer\">\n\t\t\t<div class=\"elementor-spacer-inner\"><\/div>\n\t\t<\/div>\n\t\t\t\t\t\t<\/div>\n\t\t\t\t<div class=\"elementor-element elementor-element-c8f8389 elementor-widget elementor-widget-text-editor\" data-id=\"c8f8389\" data-element_type=\"widget\" data-e-type=\"widget\" data-widget_type=\"text-editor.default\">\n\t\t\t\t\t\t\t\t\t<ul><li data-start=\"107\" data-end=\"308\"><p data-start=\"113\" data-end=\"141\"><strong data-start=\"113\" data-end=\"139\">Principales \u00c1reas de Consultor\u00eda<\/strong><\/p><ul data-start=\"143\" data-end=\"789\"><li data-start=\"143\" data-end=\"268\"><p data-start=\"145\" data-end=\"268\"><strong data-start=\"145\" data-end=\"159\">Diagn\u00f3stico:<\/strong> Identificar barreras de adopci\u00f3n y fricciones t\u00e9cnicas; dise\u00f1ar planes de acci\u00f3n orientados al ROI para asegurar un ingreso exitoso al mercado.<\/p><\/li><li data-start=\"269\" data-end=\"405\"><p data-start=\"271\" data-end=\"405\"><strong data-start=\"271\" data-end=\"284\">Adopci\u00f3n:<\/strong> Dise\u00f1ar flujos de trabajo personalizados para una integraci\u00f3n fluida de audio espacial en medios, arquitectura, XR y plataformas comerciales.<\/p><\/li><li data-start=\"406\" data-end=\"512\"><p data-start=\"408\" data-end=\"512\"><strong data-start=\"408\" data-end=\"424\">Ingenier\u00eda:<\/strong> Optimizar la integraci\u00f3n de sistemas inmersivos; garantizar que la tecnolog\u00eda sea una soluci\u00f3n y no un obst\u00e1culo.<\/p><\/li><li data-start=\"513\" data-end=\"655\"><p data-start=\"515\" data-end=\"655\"><strong data-start=\"515\" data-end=\"526\">Dise\u00f1o:<\/strong> Crear ecosistemas sonoros avanzados, personalizados para espacios y narrativas, utilizando sistemas multicanal, basados en objetos y Ambisonics.<\/p><\/li><li data-start=\"656\" data-end=\"789\"><p data-start=\"658\" data-end=\"789\"><strong data-start=\"658\" data-end=\"672\">Formaci\u00f3n:<\/strong> Brindar mentor\u00edas de alto nivel y conferencias en la industria para promover una adopci\u00f3n t\u00e9cnica inclusiva, accesible y efectiva.<\/p><\/li><\/ul><\/li><\/ul>\t\t\t\t\t\t\t\t<\/div>\n\t\t\t\t<div class=\"elementor-element elementor-element-f801087 elementor-widget-divider--separator-type-pattern elementor-widget-divider--view-line elementor-widget elementor-widget-divider\" data-id=\"f801087\" data-element_type=\"widget\" data-e-type=\"widget\" data-widget_type=\"divider.default\">\n\t\t\t\t\t\t\t<div class=\"elementor-divider\" style=\"--divider-pattern-url: url(&quot;data:image\/svg+xml,%3Csvg xmlns=&#039;http:\/\/www.w3.org\/2000\/svg&#039; preserveAspectRatio=&#039;none&#039; overflow=&#039;visible&#039; height=&#039;100%&#039; viewBox=&#039;0 0 20 16&#039; fill=&#039;none&#039; stroke=&#039;black&#039; stroke-width=&#039;1&#039; stroke-linecap=&#039;square&#039; stroke-miterlimit=&#039;10&#039;%3E%3Cg transform=&#039;translate(-12.000000, 0)&#039;%3E%3Cpath d=&#039;M28,0L10,18&#039;\/%3E%3Cpath d=&#039;M18,0L0,18&#039;\/%3E%3Cpath d=&#039;M48,0L30,18&#039;\/%3E%3Cpath d=&#039;M38,0L20,18&#039;\/%3E%3C\/g%3E%3C\/svg%3E&quot;);\">\n\t\t\t<span class=\"elementor-divider-separator\">\n\t\t\t\t\t\t<\/span>\n\t\t<\/div>\n\t\t\t\t\t\t<\/div>\n\t\t\t\t\t<\/div>\n\t\t\t\t<\/div>\n\t\t\t\t<\/div>","protected":false},"excerpt":{"rendered":"<p>Immersive Audio Infrastructure &amp; Systems Strategy Designing sustainable immersive strategies to reduce friction in technological transitions across Latin America. I\u2019m Sol Rezza, a strategic consultant, audio engineer, and researcher specialized in transforming the complexity of immersive audio into operational solutions applicable to real world production contexts. My work addresses the gap between spatial sound theory [&hellip;]<\/p>\n","protected":false},"author":2,"featured_media":0,"parent":0,"menu_order":0,"comment_status":"closed","ping_status":"closed","template":"","meta":{"footnotes":""},"class_list":["post-13615","page","type-page","status-publish","hentry"],"_links":{"self":[{"href":"https:\/\/solrezza.net\/es\/wp-json\/wp\/v2\/pages\/13615","targetHints":{"allow":["GET"]}}],"collection":[{"href":"https:\/\/solrezza.net\/es\/wp-json\/wp\/v2\/pages"}],"about":[{"href":"https:\/\/solrezza.net\/es\/wp-json\/wp\/v2\/types\/page"}],"author":[{"embeddable":true,"href":"https:\/\/solrezza.net\/es\/wp-json\/wp\/v2\/users\/2"}],"replies":[{"embeddable":true,"href":"https:\/\/solrezza.net\/es\/wp-json\/wp\/v2\/comments?post=13615"}],"version-history":[{"count":6,"href":"https:\/\/solrezza.net\/es\/wp-json\/wp\/v2\/pages\/13615\/revisions"}],"predecessor-version":[{"id":19809,"href":"https:\/\/solrezza.net\/es\/wp-json\/wp\/v2\/pages\/13615\/revisions\/19809"}],"wp:attachment":[{"href":"https:\/\/solrezza.net\/es\/wp-json\/wp\/v2\/media?parent=13615"}],"curies":[{"name":"wp","href":"https:\/\/api.w.org\/{rel}","templated":true}]}}